{"id":240424,"date":"2021-07-19T13:22:19","date_gmt":"2021-07-19T13:22:19","guid":{"rendered":"https:\/\/www.wydarzenia2.medicaexpert.pl\/my-account\/"},"modified":"2021-07-19T13:22:20","modified_gmt":"2021-07-19T13:22:20","slug":"my-account","status":"publish","type":"page","link":"https:\/\/www.wydarzenia2.medicaexpert.pl\/en\/my-account\/","title":{"rendered":"My Account"},"content":{"rendered":"[et_pb_section fb_built=&#8221;1&#8243; admin_label=&#8221;Header&#8221; _builder_version=&#8221;4.7.7&#8243; background_color=&#8221;#0e334f&#8221; background_color_gradient_direction=&#8221;148deg&#8221; background_enable_image=&#8221;off&#8221; parallax=&#8221;on&#8221; custom_margin=&#8221;||||false&#8221; custom_padding=&#8221;5vw||5vw||false|false&#8221; bottom_divider_height=&#8221;29vw&#8221; bottom_divider_repeat=&#8221;0.7x&#8221;][et_pb_row custom_padding_last_edited=&#8221;on|tablet&#8221; _builder_version=&#8221;3.25&#8243; max_width=&#8221;80%&#8221; custom_padding=&#8221;0px|0px|0|0px|false|false&#8221; custom_padding_tablet=&#8221;40px||40px||true&#8221; custom_padding_phone=&#8221;&#8221; use_custom_width=&#8221;on&#8221; width_unit=&#8221;off&#8221;][et_pb_column type=&#8221;4_4&#8243; _builder_version=&#8221;3.25&#8243; custom_padding=&#8221;|||&#8221; custom_padding__hover=&#8221;|||&#8221;][et_pb_text _builder_version=&#8221;4.7.7&#8243; _module_preset=&#8221;default&#8221;]<h1 style=\"text-align: center;\"><span style=\"color: #ffffff;\">Strefa Uczestnika<\/span><\/h1>[\/et_pb_text][\/et_pb_column][\/et_pb_row][\/et_pb_section][et_pb_section fb_built=&#8221;1&#8243; admin_label=&#8221;section&#8221; _builder_version=&#8221;4.7.7&#8243; background_enable_color=&#8221;off&#8221; background_color_gradient_direction=&#8221;90deg&#8221; background_last_edited=&#8221;on|desktop&#8221;][et_pb_row admin_label=&#8221;row&#8221; _builder_version=&#8221;4.6.3&#8243; background_color=&#8221;rgba(255,255,255,0.9)&#8221; background_size=&#8221;initial&#8221; background_position=&#8221;top_left&#8221; background_repeat=&#8221;repeat&#8221; custom_padding=&#8221;0px||0px|||&#8221; border_radii=&#8221;on|10px|10px|10px|10px&#8221;][et_pb_column type=&#8221;4_4&#8243; _builder_version=&#8221;3.25&#8243; custom_padding=&#8221;|||&#8221; custom_padding__hover=&#8221;|||&#8221;][et_pb_text ul_item_indent=&#8221;1em&#8221; admin_label=&#8221;Text&#8221; _builder_version=&#8221;4.6.3&#8243; link_font_size=&#8221;16px&#8221; ul_font_size=&#8221;0px&#8221; background_size=&#8221;initial&#8221; background_position=&#8221;top_left&#8221; background_repeat=&#8221;repeat&#8221; ul_text_shadow_style=&#8221;preset3&#8243;]<div class=\"woocommerce\"><\/div>\n[\/et_pb_text][\/et_pb_column][\/et_pb_row][\/et_pb_section][et_pb_section fb_built=&#8221;1&#8243; admin_label=&#8221;section&#8221; _builder_version=&#8221;4.9.4&#8243; background_color=&#8221;#efce62&#8243; background_color_gradient_direction=&#8221;90deg&#8221; custom_padding=&#8221;0px||20px||false|false&#8221; background_last_edited=&#8221;on|desktop&#8221; wpt_cr_restrict_content=&#8221;on&#8221; wpt_cr_content_access=&#8221;user_roles_any&#8221; wpt_cr_access_denied_text=&#8221;<p>This content is restricted<\/p>&#8221; disabled_on=&#8221;on|on|on&#8221; disabled=&#8221;on&#8221;][et_pb_row column_structure=&#8221;1_3,2_3&#8243; admin_label=&#8221;row&#8221; _builder_version=&#8221;4.9.4&#8243; background_enable_color=&#8221;off&#8221; background_size=&#8221;initial&#8221; background_position=&#8221;top_left&#8221; background_repeat=&#8221;repeat&#8221; custom_padding=&#8221;30px||0px||false|false&#8221; border_radii=&#8221;on|10px|10px|10px|10px&#8221;][et_pb_column type=&#8221;1_3&#8243; _builder_version=&#8221;3.25&#8243; custom_padding=&#8221;|||&#8221; custom_padding__hover=&#8221;|||&#8221;][et_pb_image src=&#8221;https:\/\/www.wydarzenia2.medicaexpert.pl\/wp-content\/uploads\/2020\/12\/LAD2020-logo-07.png&#8221; title_text=&#8221;LAD2020-logo-07&#8243; _builder_version=&#8221;4.9.4&#8243; _module_preset=&#8221;default&#8221;][\/et_pb_image][\/et_pb_column][et_pb_column type=&#8221;2_3&#8243; _builder_version=&#8221;3.25&#8243; custom_padding=&#8221;|||&#8221; custom_padding__hover=&#8221;|||&#8221;][et_pb_text _builder_version=&#8221;4.9.4&#8243; _module_preset=&#8221;default&#8221; header_2_font=&#8221;|700|||||||&#8221; header_2_text_align=&#8221;left&#8221; header_2_font_size=&#8221;24px&#8221; custom_margin=&#8221;0px||0px||false|false&#8221; custom_padding=&#8221;0px||0px||false|false&#8221;]<h2 style=\"text-align: center;\">III Letnia Akademia Dermatologii 2021<\/h2>[\/et_pb_text][et_pb_text _builder_version=&#8221;4.9.4&#8243; _module_preset=&#8221;default&#8221; text_text_color=&#8221;#000000&#8243; header_text_align=&#8221;justify&#8221; text_orientation=&#8221;justified&#8221; custom_margin=&#8221;||20px||false|false&#8221; custom_padding=&#8221;||0px||false|false&#8221;]<p>W imieniu Komitetu Organizacyjnego oraz\u00a0w\u0142asnym mamy zaszczyt i\u00a0przyjemno\u015b\u0107 zaprosi\u0107 po\u00a0raz trzeci do\u00a0Ar\u0142amowa w\u00a0dniach 1-3 wrze\u015bnia 2021 roku na\u00a0III Bieszczadzkie Spotkania z\u00a0Dermatologi\u0105.<\/p>\n<p>Mamy nadziej\u0119, \u017ce III edycja naszego spotkania b\u0119dzie cieszy\u0142a si\u0119 r\u00f3wnie du\u017cym lub nawet wi\u0119kszym zainteresowaniem ni\u017c ubieg\u0142oroczna. Wierzymy, \u017ce przygotowany przez nas program merytoryczny spe\u0142ni Pa\u0144stwa oczekiwania.<\/p>[\/et_pb_text][et_pb_button button_text=&#8221;OGL\u0104DAJ NA \u017bYWO&#8221; button_alignment=&#8221;center&#8221; _builder_version=&#8221;4.9.4&#8243; _module_preset=&#8221;default&#8221; custom_button=&#8221;on&#8221; button_text_size=&#8221;18px&#8221; button_bg_color=&#8221;#0e334f&#8221; button_border_width=&#8221;0px&#8221; button_border_radius=&#8221;32px&#8221; custom_margin=&#8221;10px||10px||false|false&#8221; custom_padding=&#8221;||||false|false&#8221; filter_invert=&#8221;20%&#8221; filter_opacity=&#8221;90%&#8221; filter_saturate__hover_enabled=&#8221;off|desktop&#8221;][\/et_pb_button][et_pb_text _builder_version=&#8221;4.9.4&#8243; _module_preset=&#8221;default&#8221; text_text_color=&#8221;#000000&#8243; custom_margin=&#8221;0px||0px||false|false&#8221; custom_padding=&#8221;0px||0px||false|false&#8221;]<p style=\"text-align: center;\">od 1 wrze\u015bnia 2021, godz. 8:30<\/p>[\/et_pb_text][\/et_pb_column][\/et_pb_row][\/et_pb_section][et_pb_section fb_built=&#8221;1&#8243; admin_label=&#8221;section&#8221; _builder_version=&#8221;4.9.4&#8243; background_color=&#8221;#F0B800&#8243; background_color_gradient_direction=&#8221;90deg&#8221; custom_padding=&#8221;0px||20px||false|false&#8221; background_last_edited=&#8221;on|desktop&#8221; disabled_on=&#8221;on|on|on&#8221; disabled=&#8221;on&#8221;][et_pb_row admin_label=&#8221;row&#8221; _builder_version=&#8221;4.9.4&#8243; background_enable_color=&#8221;off&#8221; background_size=&#8221;initial&#8221; background_position=&#8221;top_left&#8221; background_repeat=&#8221;repeat&#8221; custom_padding=&#8221;20px||20px||false|false&#8221; border_radii=&#8221;on|10px|10px|10px|10px&#8221;][et_pb_column type=&#8221;4_4&#8243; _builder_version=&#8221;3.25&#8243; custom_padding=&#8221;|||&#8221; custom_padding__hover=&#8221;|||&#8221;][et_pb_text _builder_version=&#8221;4.9.4&#8243; _module_preset=&#8221;default&#8221; header_2_font=&#8221;|700|||||||&#8221; header_2_font_size=&#8221;24px&#8221;]<h2 style=\"text-align: center;\">III Bieszczadzkie Spotkania z Dermatologi\u0105 2021<\/h2>[\/et_pb_text][\/et_pb_column][\/et_pb_row][et_pb_row column_structure=&#8221;1_3,2_3&#8243; admin_label=&#8221;row&#8221; _builder_version=&#8221;4.9.4&#8243; background_enable_color=&#8221;off&#8221; background_size=&#8221;initial&#8221; background_position=&#8221;top_left&#8221; background_repeat=&#8221;repeat&#8221; custom_padding=&#8221;0px||0px|||&#8221; border_radii=&#8221;on|10px|10px|10px|10px&#8221;][et_pb_column type=&#8221;1_3&#8243; _builder_version=&#8221;3.25&#8243; custom_padding=&#8221;|||&#8221; custom_padding__hover=&#8221;|||&#8221;][et_pb_image src=&#8221;https:\/\/www.wydarzenia2.medicaexpert.pl\/wp-content\/uploads\/2021\/01\/Konferencje-2021_BSD.png&#8221; title_text=&#8221;Konferencje 2021_BSD&#8221; _builder_version=&#8221;4.9.4&#8243; _module_preset=&#8221;default&#8221;][\/et_pb_image][\/et_pb_column][et_pb_column type=&#8221;2_3&#8243; _builder_version=&#8221;3.25&#8243; custom_padding=&#8221;|||&#8221; custom_padding__hover=&#8221;|||&#8221;][et_pb_text _builder_version=&#8221;4.9.4&#8243; _module_preset=&#8221;default&#8221; text_text_color=&#8221;#000000&#8243; header_text_align=&#8221;justify&#8221; text_orientation=&#8221;justified&#8221; custom_margin=&#8221;||20px||false|false&#8221; custom_padding=&#8221;||0px||false|false&#8221;]<p>W imieniu Komitetu Organizacyjnego oraz\u00a0w\u0142asnym mamy zaszczyt i\u00a0przyjemno\u015b\u0107 zaprosi\u0107 po\u00a0raz trzeci do\u00a0Ar\u0142amowa w\u00a0dniach 1-3 wrze\u015bnia 2021 roku na\u00a0III Bieszczadzkie Spotkania z\u00a0Dermatologi\u0105.<\/p>\n<p>Mamy nadziej\u0119, \u017ce III edycja naszego spotkania b\u0119dzie cieszy\u0142a si\u0119 r\u00f3wnie du\u017cym lub nawet wi\u0119kszym zainteresowaniem ni\u017c ubieg\u0142oroczna. Wierzymy, \u017ce przygotowany przez nas program merytoryczny spe\u0142ni Pa\u0144stwa oczekiwania.<\/p>[\/et_pb_text][et_pb_button button_text=&#8221;OGL\u0104DAJ NA \u017bYWO&#8221; button_alignment=&#8221;center&#8221; _builder_version=&#8221;4.9.4&#8243; _module_preset=&#8221;default&#8221; custom_button=&#8221;on&#8221; button_bg_color=&#8221;#0e334f&#8221; button_border_width=&#8221;0px&#8221; button_border_radius=&#8221;32px&#8221; custom_margin=&#8221;10px||10px||false|false&#8221; custom_padding=&#8221;||||false|false&#8221; filter_invert=&#8221;20%&#8221; filter_opacity=&#8221;90%&#8221; filter_saturate__hover_enabled=&#8221;off|desktop&#8221;][\/et_pb_button][et_pb_text _builder_version=&#8221;4.9.4&#8243; _module_preset=&#8221;default&#8221; text_text_color=&#8221;#000000&#8243; custom_margin=&#8221;0px||0px||false|false&#8221; custom_padding=&#8221;0px||0px||false|false&#8221;]<p style=\"text-align: center;\">od 1 wrze\u015bnia 2021, godz. 8:30<\/p>[\/et_pb_text][et_pb_button button_text=&#8221;POBIERZ PROGRAM&#8221; button_alignment=&#8221;center&#8221; _builder_version=&#8221;4.9.4&#8243; _module_preset=&#8221;default&#8221; custom_button=&#8221;on&#8221; button_bg_color=&#8221;#0e334f&#8221; button_border_width=&#8221;0px&#8221; button_border_radius=&#8221;32px&#8221; button_icon=&#8221;%%26%%&#8221; custom_margin=&#8221;20px||10px||false|false&#8221; custom_padding=&#8221;||||false|false&#8221; filter_saturate__hover_enabled=&#8221;off|desktop&#8221;][\/et_pb_button][\/et_pb_column][\/et_pb_row][\/et_pb_section]","protected":false},"excerpt":{"rendered":"<p>Strefa Uczestnika<div class=\"woocommerce\"><\/div>III Letnia Akademia Dermatologii 2021W imieniu Komitetu Organizacyjnego oraz\u00a0w\u0142asnym mamy zaszczyt i\u00a0przyjemno\u015b\u0107 zaprosi\u0107 po\u00a0raz trzeci do\u00a0Ar\u0142amowa w\u00a0dniach 1-3 wrze\u015bnia 2021 roku na\u00a0III Bieszczadzkie Spotkania z\u00a0Dermatologi\u0105. Mamy nadziej\u0119, \u017ce III edycja naszego spotkania b\u0119dzie cieszy\u0142a si\u0119 r\u00f3wnie du\u017cym lub nawet wi\u0119kszym zainteresowaniem ni\u017c ubieg\u0142oroczna. Wierzymy, \u017ce przygotowany przez nas program merytoryczny spe\u0142ni Pa\u0144stwa oczekiwania.od 1 [&hellip;]<\/p>\n","protected":false},"author":3353,"featured_media":0,"parent":0,"menu_order":0,"comment_status":"closed","ping_status":"closed","template":"","meta":{"_seopress_robots_primary_cat":"","_seopress_titles_title":"","_seopress_titles_desc":"","_seopress_robots_index":"","_et_pb_use_builder":"on","_et_pb_old_content":"","_et_gb_content_width":"","footnotes":""},"class_list":["post-240424","page","type-page","status-publish","hentry"],"_links":{"self":[{"href":"https:\/\/www.wydarzenia2.medicaexpert.pl\/en\/wp-json\/wp\/v2\/pages\/240424","targetHints":{"allow":["GET"]}}],"collection":[{"href":"https:\/\/www.wydarzenia2.medicaexpert.pl\/en\/wp-json\/wp\/v2\/pages"}],"about":[{"href":"https:\/\/www.wydarzenia2.medicaexpert.pl\/en\/wp-json\/wp\/v2\/types\/page"}],"author":[{"embeddable":true,"href":"https:\/\/www.wydarzenia2.medicaexpert.pl\/en\/wp-json\/wp\/v2\/users\/3353"}],"replies":[{"embeddable":true,"href":"https:\/\/www.wydarzenia2.medicaexpert.pl\/en\/wp-json\/wp\/v2\/comments?post=240424"}],"version-history":[{"count":1,"href":"https:\/\/www.wydarzenia2.medicaexpert.pl\/en\/wp-json\/wp\/v2\/pages\/240424\/revisions"}],"predecessor-version":[{"id":240427,"href":"https:\/\/www.wydarzenia2.medicaexpert.pl\/en\/wp-json\/wp\/v2\/pages\/240424\/revisions\/240427"}],"wp:attachment":[{"href":"https:\/\/www.wydarzenia2.medicaexpert.pl\/en\/wp-json\/wp\/v2\/media?parent=240424"}],"curies":[{"name":"wp","href":"https:\/\/api.w.org\/{rel}","templated":true}]}}